{"id":380,"date":"2025-02-12T07:13:44","date_gmt":"2025-02-12T07:13:44","guid":{"rendered":"https:\/\/transportesortega.com\/cargaisons-generales\/"},"modified":"2025-03-28T07:26:43","modified_gmt":"2025-03-28T07:26:43","slug":"cargaisons-generales","status":"publish","type":"page","link":"https:\/\/transportesortega.com\/fr\/cargaisons-generales\/","title":{"rendered":"Cargaisons g\u00e9n\u00e9rales"},"content":{"rendered":"\n<div class=\"wp-block-cover alignfull has-custom-content-position is-position-bottom-left seccion-header\" style=\"min-height:100vh;aspect-ratio:unset;\"><span aria-hidden=\"true\" class=\"wp-block-cover__background has-background-dim\"><\/span><img loading=\"lazy\" decoding=\"async\" width=\"1920\" height=\"1173\" class=\"wp-block-cover__image-background wp-image-617\" alt=\"\" src=\"https:\/\/transportesortega.com\/wp-content\/uploads\/2025\/03\/camion-1-1.webp\" data-object-fit=\"cover\" srcset=\"https:\/\/transportesortega.com\/wp-content\/uploads\/2025\/03\/camion-1-1.webp 1920w, https:\/\/transportesortega.com\/wp-content\/uploads\/2025\/03\/camion-1-1-300x183.webp 300w, https:\/\/transportesortega.com\/wp-content\/uploads\/2025\/03\/camion-1-1-1024x626.webp 1024w, https:\/\/transportesortega.com\/wp-content\/uploads\/2025\/03\/camion-1-1-768x469.webp 768w, https:\/\/transportesortega.com\/wp-content\/uploads\/2025\/03\/camion-1-1-1536x938.webp 1536w\" sizes=\"auto, (max-width: 1920px) 100vw, 1920px\" \/><div class=\"wp-block-cover__inner-container is-layout-constrained wp-block-cover-is-layout-constrained\">\n<div class=\"wp-block-group is-layout-constrained wp-block-group-is-layout-constrained\">\n<h1 class=\"wp-block-heading has-ast-global-color-5-color has-text-color has-link-color wp-elements-fda9ead97fe4bde92ad481435bb1b28b\">Cargaisons g\u00e9n\u00e9rales<\/h1>\n\n\n\n<p class=\"has-ast-global-color-5-color has-text-color has-link-color wp-elements-bf8c625f4efc7fd75513c472bf8e7b2b\">D\u00e9couvrez notre modalit\u00e9 de service de transport g\u00e9n\u00e9ral<\/p>\n<\/div>\n<\/div><\/div>\n\n<div class=\"wp-block-group alignfull is-layout-constrained wp-block-group-is-layout-constrained\" style=\"padding-bottom:150px\">\n<div class=\"wp-block-group seccion-titulo is-layout-constrained wp-block-group-is-layout-constrained\">\n<h5 class=\"wp-block-heading\">Types de transport Marchandises g\u00e9n\u00e9rales<\/h5>\n<\/div>\n\n\n\n<div class=\"wp-block-columns is-layout-flex wp-container-core-columns-is-layout-28f84493 wp-block-columns-is-layout-flex\">\n<div class=\"wp-block-column is-layout-flow wp-block-column-is-layout-flow\" style=\"flex-basis:50%\">\n<p>Nous proposons des solutions flexibles pour le transport g\u00e9n\u00e9ral gr\u00e2ce \u00e0 nos camions semi-remorques Tauliner (non r\u00e9frig\u00e9r\u00e9s).<br\/>Ce service couvre<\/p>\n<\/div>\n\n\n\n<div class=\"wp-block-column is-layout-flow wp-block-column-is-layout-flow\" style=\"flex-basis:50%\"><\/div>\n<\/div>\n<\/div>\n\n<div class=\"wp-block-group alignfull has-ast-global-color-0-background-color has-background is-layout-constrained wp-block-group-is-layout-constrained\" id=\"transporte-container\">\n<figure class=\"wp-block-image size-full\" id=\"slider-transporte-camion\"><img loading=\"lazy\" decoding=\"async\" width=\"496\" height=\"144\" src=\"https:\/\/transportesortega.com\/wp-content\/uploads\/2025\/03\/camion-2.webp\" alt=\"\" class=\"wp-image-149\" srcset=\"https:\/\/transportesortega.com\/wp-content\/uploads\/2025\/03\/camion-2.webp 496w, https:\/\/transportesortega.com\/wp-content\/uploads\/2025\/03\/camion-2-300x87.webp 300w\" sizes=\"auto, (max-width: 496px) 100vw, 496px\" \/><\/figure>\n\n\n\n<div id=\"slider-transporte\" class=\"wp-block-group is-layout-constrained wp-block-group-is-layout-constrained\">\n<div class=\"wp-block-group has-ast-global-color-5-background-color has-background is-layout-constrained wp-block-group-is-layout-constrained\">\n<h4 class=\"wp-block-heading\">Transports terrestres g\u00e9n\u00e9raux<\/h4>\n<\/div>\n\n\n\n<div class=\"wp-block-group has-ast-global-color-5-background-color has-background is-layout-constrained wp-block-group-is-layout-constrained\">\n<h4 class=\"wp-block-heading\">Transport de charges compl\u00e8tes<\/h4>\n<\/div>\n\n\n\n<div class=\"wp-block-group has-ast-global-color-5-background-color has-background is-layout-constrained wp-block-group-is-layout-constrained\">\n<h4 class=\"wp-block-heading\">Groupage ou transport en vrac<\/h4>\n<\/div>\n\n\n\n<div class=\"wp-block-group has-ast-global-color-5-background-color has-background is-layout-constrained wp-block-group-is-layout-constrained\">\n<h4 class=\"wp-block-heading\">Manipulation s\u00fbre des produits non r\u00e9frig\u00e9r\u00e9s<\/h4>\n<\/div>\n\n\n\n<div class=\"wp-block-group has-ast-global-color-5-background-color has-background is-layout-constrained wp-block-group-is-layout-constrained\">\n<h4 class=\"wp-block-heading\">Suivi des marchandises en temps r\u00e9el<\/h4>\n<\/div>\n<\/div>\n\n\n\n<hr class=\"wp-block-separator has-text-color has-ast-global-color-5-color has-alpha-channel-opacity has-ast-global-color-5-background-color has-background is-style-wide\" style=\"margin-top:var(--wp--preset--spacing--80);margin-bottom:var(--wp--preset--spacing--80)\"\/>\n\n\n\n<div class=\"wp-block-columns is-layout-flex wp-container-core-columns-is-layout-28f84493 wp-block-columns-is-layout-flex\">\n<div class=\"wp-block-column is-layout-flow wp-block-column-is-layout-flow\">\n<h2 class=\"wp-block-heading has-ast-global-color-5-color has-text-color has-link-color wp-elements-8a2e036d1c51190347f6589f600a1bf6\">Vous avez besoin d&rsquo;un devis ?<\/h2>\n\n\n\n<p class=\"has-ast-global-color-5-color has-text-color has-link-color wp-elements-b1ba48be51fd4317ca0f1c40ef7faf2b\">Compl\u00e9tez le formulaire ci-dessous et nous vous contacterons dans les plus brefs d\u00e9lais.<\/p>\n<\/div>\n\n\n\n<div class=\"wp-block-column is-layout-flow wp-block-column-is-layout-flow\">\n<div class=\"wp-block-contact-form-7-contact-form-selector\">\n<div class=\"wpcf7 no-js\" id=\"wpcf7-f390-o1\" lang=\"fr-FR\" dir=\"ltr\" data-wpcf7-id=\"390\">\n<div class=\"screen-reader-response\"><p role=\"status\" aria-live=\"polite\" aria-atomic=\"true\"><\/p> <ul><\/ul><\/div>\n<form action=\"\/fr\/wp-json\/wp\/v2\/pages\/380#wpcf7-f390-o1\" method=\"post\" class=\"wpcf7-form init\" aria-label=\"Formulaire de contact\" novalidate=\"novalidate\" data-status=\"init\">\n<fieldset class=\"hidden-fields-container\"><input type=\"hidden\" name=\"_wpcf7\" value=\"390\" \/><input type=\"hidden\" name=\"_wpcf7_version\" value=\"6.1.5\" \/><input type=\"hidden\" name=\"_wpcf7_locale\" value=\"fr_FR\" \/><input type=\"hidden\" name=\"_wpcf7_unit_tag\" value=\"wpcf7-f390-o1\" \/><input type=\"hidden\" name=\"_wpcf7_container_post\" value=\"0\" \/><input type=\"hidden\" name=\"_wpcf7_posted_data_hash\" value=\"\" \/><input type=\"hidden\" name=\"_wpcf7_recaptcha_response\" value=\"\" \/>\n<\/fieldset>\n<div class=\"cf7-container\">\n\t<p><label for=\"your-name\">Nom et pr\u00e9nom*<br \/>\n<span class=\"wpcf7-form-control-wrap\" data-name=\"your-name\"><input size=\"40\" maxlength=\"400\" class=\"wpcf7-form-control wpcf7-text wpcf7-validates-as-required\" id=\"your-name\" autocomplete=\"name\" aria-required=\"true\" aria-invalid=\"false\" placeholder=\"Votre nom complet\" value=\"\" type=\"text\" name=\"your-name\" \/><\/span><\/label>\n\t<\/p>\n\t<p><label for=\"your-company\">Entreprise*<br \/>\n<span class=\"wpcf7-form-control-wrap\" data-name=\"your-company\"><input size=\"40\" maxlength=\"400\" class=\"wpcf7-form-control wpcf7-text wpcf7-validates-as-required\" id=\"your-company\" aria-required=\"true\" aria-invalid=\"false\" placeholder=\"Nom de l&#039;entreprise\" value=\"\" type=\"text\" name=\"your-company\" \/><\/span><\/label>\n\t<\/p>\n\t<div class=\"cf7-two-columns\">\n\t\t<div class=\"cf7-column\">\n\t\t\t<p><label for=\"your-email\">E-mail*<br \/>\n<span class=\"wpcf7-form-control-wrap\" data-name=\"your-email\"><input size=\"40\" maxlength=\"400\" class=\"wpcf7-form-control wpcf7-email wpcf7-validates-as-required wpcf7-text wpcf7-validates-as-email\" id=\"your-email\" autocomplete=\"email\" aria-required=\"true\" aria-invalid=\"false\" placeholder=\"Votre adresse e-mail\" value=\"\" type=\"email\" name=\"your-email\" \/><\/span><\/label>\n\t\t\t<\/p>\n\t\t<\/div>\n\t\t<div class=\"cf7-column\">\n\t\t\t<p><label for=\"your-phone\">T\u00e9l\u00e9phone*<br \/>\n<span class=\"wpcf7-form-control-wrap\" data-name=\"your-phone\"><input size=\"40\" maxlength=\"400\" class=\"wpcf7-form-control wpcf7-tel wpcf7-validates-as-required wpcf7-text wpcf7-validates-as-tel\" id=\"your-phone\" aria-required=\"true\" aria-invalid=\"false\" placeholder=\"Votre t\u00e9l\u00e9phone\" value=\"\" type=\"tel\" name=\"your-phone\" \/><\/span><\/label>\n\t\t\t<\/p>\n\t\t<\/div>\n\t<\/div>\n\t<p><label for=\"servicio-interes\">Service qui vous int\u00e9resse*<br \/>\n<span class=\"wpcf7-form-control-wrap\" data-name=\"servicio-interes\"><select class=\"wpcf7-form-control wpcf7-select wpcf7-validates-as-required\" id=\"servicio-interes\" aria-required=\"true\" aria-invalid=\"false\" name=\"servicio-interes\"><option value=\"S\u00e9lectionnez une option\">S\u00e9lectionnez une option<\/option><option value=\"General cargo\">General cargo<\/option><option value=\"Container transport\">Container transport<\/option><option value=\"Others\">Others<\/option><\/select><\/span><\/label>\n\t<\/p>\n\t<p><span class=\"wpcf7-form-control-wrap\" data-name=\"politica\"><span class=\"wpcf7-form-control wpcf7-acceptance\"><span class=\"wpcf7-list-item\"><label><input type=\"checkbox\" name=\"politica\" value=\"1\" aria-invalid=\"false\" \/><span class=\"wpcf7-list-item-label\">J'accepte la politique de confidentialit\u00e9 et de protection des donn\u00e9es. En plus de recevoir des informations et des communications de nature commerciale.<\/span><\/label><\/span><\/span><\/span>\n\t<\/p>\n\t<p><input class=\"wpcf7-form-control wpcf7-submit has-spinner\" type=\"submit\" value=\"ENVOYER\" \/>\n\t<\/p>\n<\/div><div class=\"wpcf7-response-output\" aria-hidden=\"true\"><\/div>\n<\/form>\n<\/div>\n<\/div>\n<\/div>\n<\/div>\n<\/div>\n\n<div class=\"wp-block-group alignfull is-layout-constrained wp-block-group-is-layout-constrained\">\n<div class=\"wp-block-group seccion-titulo is-layout-constrained wp-block-group-is-layout-constrained\">\n<h5 class=\"wp-block-heading\">Avantages<\/h5>\n<\/div>\n\n\n\n<div class=\"wp-block-media-text has-media-on-the-right is-stacked-on-mobile is-image-fill-element\" style=\"grid-template-columns:auto 40%\"><div class=\"wp-block-media-text__content\">\n<h2 class=\"wp-block-heading\">Pourquoi nous choisir ?<\/h2>\n\n\n\n<h6 class=\"wp-block-heading\">Contr\u00f4le total de la flotte<\/h6>\n\n\n\n<p>Tous nos camions sont d\u00e9tenus \u00e0 100 %, ce qui garantit un traitement direct et s\u00fbr de chaque envoi.<\/p>\n\n\n\n<h6 class=\"wp-block-heading\">\u00c9quipe professionnelle<\/h6>\n\n\n\n<p>Des op\u00e9rateurs, des managers et des chauffeurs salari\u00e9s qui s&rsquo;engagent pour votre r\u00e9ussite.<\/p>\n\n\n\n<h6 class=\"wp-block-heading\">Flotte certifi\u00e9e<\/h6>\n\n\n\n<p>Notre flotte est certifi\u00e9e EURO6 afin de minimiser les \u00e9missions polluantes.<\/p>\n\n\n\n<div class=\"wp-block-buttons is-layout-flex wp-block-buttons-is-layout-flex\">\n<div class=\"wp-block-button\"><a class=\"wp-block-button__link wp-element-button\" href=\"https:\/\/transportesortega.com\/fr\/contact\/\">Demandez plus d&rsquo;informations<\/a><\/div>\n<\/div>\n<\/div><figure class=\"wp-block-media-text__media\"><img loading=\"lazy\" decoding=\"async\" width=\"672\" height=\"787\" src=\"https:\/\/transportesortega.com\/wp-content\/uploads\/2025\/03\/chica.webp\" alt=\"\" class=\"wp-image-611 size-full\" style=\"object-position:50% 50%\" srcset=\"https:\/\/transportesortega.com\/wp-content\/uploads\/2025\/03\/chica.webp 672w, https:\/\/transportesortega.com\/wp-content\/uploads\/2025\/03\/chica-256x300.webp 256w\" sizes=\"auto, (max-width: 672px) 100vw, 672px\" \/><\/figure><\/div>\n<\/div>\n","protected":false},"excerpt":{"rendered":"<p>Types de transport Marchandises g\u00e9n\u00e9rales Nous proposons des solutions flexibles pour le transport g\u00e9n\u00e9ral gr\u00e2ce \u00e0 nos camions semi-remorques Tauliner [&hellip;]<\/p>\n","protected":false},"author":1,"featured_media":0,"parent":0,"menu_order":0,"comment_status":"closed","ping_status":"closed","template":"","meta":{"_uag_custom_page_level_css":"","site-sidebar-layout":"default","site-content-layout":"","ast-site-content-layout":"default","site-content-style":"default","site-sidebar-style":"default","ast-global-header-display":"","ast-banner-title-visibility":"","ast-main-header-display":"","ast-hfb-above-header-display":"","ast-hfb-below-header-display":"","ast-hfb-mobile-header-display":"","site-post-title":"","ast-breadcrumbs-content":"","ast-featured-img":"","footer-sml-layout":"","ast-disable-related-posts":"","theme-transparent-header-meta":"","adv-header-id-meta":"","stick-header-meta":"","header-above-stick-meta":"","header-main-stick-meta":"","header-below-stick-meta":"","astra-migrate-meta-layouts":"default","ast-page-background-enabled":"default","ast-page-background-meta":{"desktop":{"background-color":"var(--ast-global-color-4)","background-image":"","background-repeat":"repeat","background-position":"center center","background-size":"auto","background-attachment":"scroll","background-type":"","background-media":"","overlay-type":"","overlay-color":"","overlay-opacity":"","overlay-gradient":""},"tablet":{"background-color":"","background-image":"","background-repeat":"repeat","background-position":"center center","background-size":"auto","background-attachment":"scroll","background-type":"","background-media":"","overlay-type":"","overlay-color":"","overlay-opacity":"","overlay-gradient":""},"mobile":{"background-color":"","background-image":"","background-repeat":"repeat","background-position":"center center","background-size":"auto","background-attachment":"scroll","background-type":"","background-media":"","overlay-type":"","overlay-color":"","overlay-opacity":"","overlay-gradient":""}},"ast-content-background-meta":{"desktop":{"background-color":"var(--ast-global-color-5)","background-image":"","background-repeat":"repeat","background-position":"center center","background-size":"auto","background-attachment":"scroll","background-type":"","background-media":"","overlay-type":"","overlay-color":"","overlay-opacity":"","overlay-gradient":""},"tablet":{"background-color":"var(--ast-global-color-5)","background-image":"","background-repeat":"repeat","background-position":"center center","background-size":"auto","background-attachment":"scroll","background-type":"","background-media":"","overlay-type":"","overlay-color":"","overlay-opacity":"","overlay-gradient":""},"mobile":{"background-color":"var(--ast-global-color-5)","background-image":"","background-repeat":"repeat","background-position":"center center","background-size":"auto","background-attachment":"scroll","background-type":"","background-media":"","overlay-type":"","overlay-color":"","overlay-opacity":"","overlay-gradient":""}},"footnotes":""},"class_list":["post-380","page","type-page","status-publish","hentry"],"yoast_head":"<!-- This site is optimized with the Yoast SEO plugin v27.2 - https:\/\/yoast.com\/product\/yoast-seo-wordpress\/ -->\n<title>Cargaisons g\u00e9n\u00e9rales - Transportes Ortega<\/title>\n<meta name=\"robots\" content=\"index, follow, max-snippet:-1, max-image-preview:large, max-video-preview:-1\" \/>\n<link rel=\"canonical\" href=\"https:\/\/transportesortega.com\/fr\/cargaisons-generales\/\" \/>\n<meta property=\"og:locale\" content=\"fr_FR\" \/>\n<meta property=\"og:type\" content=\"article\" \/>\n<meta property=\"og:title\" content=\"Cargaisons g\u00e9n\u00e9rales - Transportes Ortega\" \/>\n<meta property=\"og:description\" content=\"Types de transport Marchandises g\u00e9n\u00e9rales Nous proposons des solutions flexibles pour le transport g\u00e9n\u00e9ral gr\u00e2ce \u00e0 nos camions semi-remorques Tauliner [&hellip;]\" \/>\n<meta property=\"og:url\" content=\"https:\/\/transportesortega.com\/fr\/cargaisons-generales\/\" \/>\n<meta property=\"og:site_name\" content=\"Transportes Ortega\" \/>\n<meta property=\"article:modified_time\" content=\"2025-03-28T07:26:43+00:00\" \/>\n<meta property=\"og:image\" content=\"https:\/\/transportesortega.com\/wp-content\/uploads\/2025\/03\/camion-1-1.webp\" \/>\n<meta name=\"twitter:card\" content=\"summary_large_image\" \/>\n<meta name=\"twitter:label1\" content=\"Dur\u00e9e de lecture estim\u00e9e\" \/>\n\t<meta name=\"twitter:data1\" content=\"1 minute\" \/>\n<script type=\"application\/ld+json\" class=\"yoast-schema-graph\">{\"@context\":\"https:\/\/schema.org\",\"@graph\":[{\"@type\":\"WebPage\",\"@id\":\"https:\/\/transportesortega.com\/fr\/cargaisons-generales\/\",\"url\":\"https:\/\/transportesortega.com\/fr\/cargaisons-generales\/\",\"name\":\"Cargaisons g\u00e9n\u00e9rales - Transportes Ortega\",\"isPartOf\":{\"@id\":\"https:\/\/transportesortega.com\/fr\/#website\"},\"primaryImageOfPage\":{\"@id\":\"https:\/\/transportesortega.com\/fr\/cargaisons-generales\/#primaryimage\"},\"image\":{\"@id\":\"https:\/\/transportesortega.com\/fr\/cargaisons-generales\/#primaryimage\"},\"thumbnailUrl\":\"https:\/\/transportesortega.com\/wp-content\/uploads\/2025\/03\/camion-1-1.webp\",\"datePublished\":\"2025-02-12T07:13:44+00:00\",\"dateModified\":\"2025-03-28T07:26:43+00:00\",\"breadcrumb\":{\"@id\":\"https:\/\/transportesortega.com\/fr\/cargaisons-generales\/#breadcrumb\"},\"inLanguage\":\"fr-FR\",\"potentialAction\":[{\"@type\":\"ReadAction\",\"target\":[\"https:\/\/transportesortega.com\/fr\/cargaisons-generales\/\"]}]},{\"@type\":\"ImageObject\",\"inLanguage\":\"fr-FR\",\"@id\":\"https:\/\/transportesortega.com\/fr\/cargaisons-generales\/#primaryimage\",\"url\":\"https:\/\/transportesortega.com\/wp-content\/uploads\/2025\/03\/camion-1-1.webp\",\"contentUrl\":\"https:\/\/transportesortega.com\/wp-content\/uploads\/2025\/03\/camion-1-1.webp\"},{\"@type\":\"BreadcrumbList\",\"@id\":\"https:\/\/transportesortega.com\/fr\/cargaisons-generales\/#breadcrumb\",\"itemListElement\":[{\"@type\":\"ListItem\",\"position\":1,\"name\":\"Portada\",\"item\":\"https:\/\/transportesortega.com\/fr\/\"},{\"@type\":\"ListItem\",\"position\":2,\"name\":\"Cargaisons g\u00e9n\u00e9rales\"}]},{\"@type\":\"WebSite\",\"@id\":\"https:\/\/transportesortega.com\/fr\/#website\",\"url\":\"https:\/\/transportesortega.com\/fr\/\",\"name\":\"Transportes Ortega\",\"description\":\"Soluciones al transporte por carretera\",\"publisher\":{\"@id\":\"https:\/\/transportesortega.com\/fr\/#organization\"},\"potentialAction\":[{\"@type\":\"SearchAction\",\"target\":{\"@type\":\"EntryPoint\",\"urlTemplate\":\"https:\/\/transportesortega.com\/fr\/?s={search_term_string}\"},\"query-input\":{\"@type\":\"PropertyValueSpecification\",\"valueRequired\":true,\"valueName\":\"search_term_string\"}}],\"inLanguage\":\"fr-FR\"},{\"@type\":\"Organization\",\"@id\":\"https:\/\/transportesortega.com\/fr\/#organization\",\"name\":\"Transportes Ortega\",\"url\":\"https:\/\/transportesortega.com\/fr\/\",\"logo\":{\"@type\":\"ImageObject\",\"inLanguage\":\"fr-FR\",\"@id\":\"https:\/\/transportesortega.com\/fr\/#\/schema\/logo\/image\/\",\"url\":\"https:\/\/transportesortega.com\/wp-content\/uploads\/2025\/03\/ortega-logo-footer.svg\",\"contentUrl\":\"https:\/\/transportesortega.com\/wp-content\/uploads\/2025\/03\/ortega-logo-footer.svg\",\"width\":1667,\"height\":279,\"caption\":\"Transportes Ortega\"},\"image\":{\"@id\":\"https:\/\/transportesortega.com\/fr\/#\/schema\/logo\/image\/\"}}]}<\/script>\n<!-- \/ Yoast SEO plugin. -->","yoast_head_json":{"title":"Cargaisons g\u00e9n\u00e9rales - Transportes Ortega","robots":{"index":"index","follow":"follow","max-snippet":"max-snippet:-1","max-image-preview":"max-image-preview:large","max-video-preview":"max-video-preview:-1"},"canonical":"https:\/\/transportesortega.com\/fr\/cargaisons-generales\/","og_locale":"fr_FR","og_type":"article","og_title":"Cargaisons g\u00e9n\u00e9rales - Transportes Ortega","og_description":"Types de transport Marchandises g\u00e9n\u00e9rales Nous proposons des solutions flexibles pour le transport g\u00e9n\u00e9ral gr\u00e2ce \u00e0 nos camions semi-remorques Tauliner [&hellip;]","og_url":"https:\/\/transportesortega.com\/fr\/cargaisons-generales\/","og_site_name":"Transportes Ortega","article_modified_time":"2025-03-28T07:26:43+00:00","og_image":[{"url":"https:\/\/transportesortega.com\/wp-content\/uploads\/2025\/03\/camion-1-1.webp","type":"","width":"","height":""}],"twitter_card":"summary_large_image","twitter_misc":{"Dur\u00e9e de lecture estim\u00e9e":"1 minute"},"schema":{"@context":"https:\/\/schema.org","@graph":[{"@type":"WebPage","@id":"https:\/\/transportesortega.com\/fr\/cargaisons-generales\/","url":"https:\/\/transportesortega.com\/fr\/cargaisons-generales\/","name":"Cargaisons g\u00e9n\u00e9rales - Transportes Ortega","isPartOf":{"@id":"https:\/\/transportesortega.com\/fr\/#website"},"primaryImageOfPage":{"@id":"https:\/\/transportesortega.com\/fr\/cargaisons-generales\/#primaryimage"},"image":{"@id":"https:\/\/transportesortega.com\/fr\/cargaisons-generales\/#primaryimage"},"thumbnailUrl":"https:\/\/transportesortega.com\/wp-content\/uploads\/2025\/03\/camion-1-1.webp","datePublished":"2025-02-12T07:13:44+00:00","dateModified":"2025-03-28T07:26:43+00:00","breadcrumb":{"@id":"https:\/\/transportesortega.com\/fr\/cargaisons-generales\/#breadcrumb"},"inLanguage":"fr-FR","potentialAction":[{"@type":"ReadAction","target":["https:\/\/transportesortega.com\/fr\/cargaisons-generales\/"]}]},{"@type":"ImageObject","inLanguage":"fr-FR","@id":"https:\/\/transportesortega.com\/fr\/cargaisons-generales\/#primaryimage","url":"https:\/\/transportesortega.com\/wp-content\/uploads\/2025\/03\/camion-1-1.webp","contentUrl":"https:\/\/transportesortega.com\/wp-content\/uploads\/2025\/03\/camion-1-1.webp"},{"@type":"BreadcrumbList","@id":"https:\/\/transportesortega.com\/fr\/cargaisons-generales\/#breadcrumb","itemListElement":[{"@type":"ListItem","position":1,"name":"Portada","item":"https:\/\/transportesortega.com\/fr\/"},{"@type":"ListItem","position":2,"name":"Cargaisons g\u00e9n\u00e9rales"}]},{"@type":"WebSite","@id":"https:\/\/transportesortega.com\/fr\/#website","url":"https:\/\/transportesortega.com\/fr\/","name":"Transportes Ortega","description":"Soluciones al transporte por carretera","publisher":{"@id":"https:\/\/transportesortega.com\/fr\/#organization"},"potentialAction":[{"@type":"SearchAction","target":{"@type":"EntryPoint","urlTemplate":"https:\/\/transportesortega.com\/fr\/?s={search_term_string}"},"query-input":{"@type":"PropertyValueSpecification","valueRequired":true,"valueName":"search_term_string"}}],"inLanguage":"fr-FR"},{"@type":"Organization","@id":"https:\/\/transportesortega.com\/fr\/#organization","name":"Transportes Ortega","url":"https:\/\/transportesortega.com\/fr\/","logo":{"@type":"ImageObject","inLanguage":"fr-FR","@id":"https:\/\/transportesortega.com\/fr\/#\/schema\/logo\/image\/","url":"https:\/\/transportesortega.com\/wp-content\/uploads\/2025\/03\/ortega-logo-footer.svg","contentUrl":"https:\/\/transportesortega.com\/wp-content\/uploads\/2025\/03\/ortega-logo-footer.svg","width":1667,"height":279,"caption":"Transportes Ortega"},"image":{"@id":"https:\/\/transportesortega.com\/fr\/#\/schema\/logo\/image\/"}}]}},"uagb_featured_image_src":{"full":false,"thumbnail":false,"medium":false,"medium_large":false,"large":false,"1536x1536":false,"2048x2048":false},"uagb_author_info":{"display_name":"kebes","author_link":"https:\/\/transportesortega.com\/fr\/author\/kebes\/"},"uagb_comment_info":0,"uagb_excerpt":"Types de transport Marchandises g\u00e9n\u00e9rales Nous proposons des solutions flexibles pour le transport g\u00e9n\u00e9ral gr\u00e2ce \u00e0 nos camions semi-remorques Tauliner [&hellip;]","_links":{"self":[{"href":"https:\/\/transportesortega.com\/fr\/wp-json\/wp\/v2\/pages\/380","targetHints":{"allow":["GET"]}}],"collection":[{"href":"https:\/\/transportesortega.com\/fr\/wp-json\/wp\/v2\/pages"}],"about":[{"href":"https:\/\/transportesortega.com\/fr\/wp-json\/wp\/v2\/types\/page"}],"author":[{"embeddable":true,"href":"https:\/\/transportesortega.com\/fr\/wp-json\/wp\/v2\/users\/1"}],"replies":[{"embeddable":true,"href":"https:\/\/transportesortega.com\/fr\/wp-json\/wp\/v2\/comments?post=380"}],"version-history":[{"count":4,"href":"https:\/\/transportesortega.com\/fr\/wp-json\/wp\/v2\/pages\/380\/revisions"}],"predecessor-version":[{"id":622,"href":"https:\/\/transportesortega.com\/fr\/wp-json\/wp\/v2\/pages\/380\/revisions\/622"}],"wp:attachment":[{"href":"https:\/\/transportesortega.com\/fr\/wp-json\/wp\/v2\/media?parent=380"}],"curies":[{"name":"wp","href":"https:\/\/api.w.org\/{rel}","templated":true}]}}