{"id":356,"date":"2025-03-17T13:01:56","date_gmt":"2025-03-17T13:01:56","guid":{"rendered":"https:\/\/transportesortega.com\/services\/"},"modified":"2025-04-02T06:55:46","modified_gmt":"2025-04-02T06:55:46","slug":"services","status":"publish","type":"page","link":"https:\/\/transportesortega.com\/fr\/services\/","title":{"rendered":"Services"},"content":{"rendered":"\n<div class=\"wp-block-cover alignfull is-light has-custom-content-position is-position-bottom-left seccion-header\" style=\"min-height:100vh;aspect-ratio:unset;\"><span aria-hidden=\"true\" class=\"wp-block-cover__background has-background-dim\"><\/span><video class=\"wp-block-cover__video-background intrinsic-ignore\" autoplay muted loop playsinline src=\"https:\/\/transportesortega.com\/wp-content\/uploads\/2025\/04\/FLOTA-baja.mp4\" data-object-fit=\"cover\"><\/video><div class=\"wp-block-cover__inner-container is-layout-constrained wp-block-cover-is-layout-constrained\">\n<div class=\"wp-block-group is-layout-constrained wp-block-group-is-layout-constrained\">\n<h1 class=\"wp-block-heading has-ast-global-color-5-color has-text-color has-link-color wp-elements-fe09c0f4c3493711bb766645122080f2\">Transport national et international de marchandises<\/h1>\n\n\n\n<p class=\"has-ast-global-color-5-color has-text-color has-link-color wp-elements-4f5373bfd85d8359163c2a6919aca7b3\">Nos services de transport g\u00e9n\u00e9ral et de transport de conteneurs<\/p>\n<\/div>\n<\/div><\/div>\n\n\n\n<div class=\"wp-block-group alignfull is-layout-constrained wp-block-group-is-layout-constrained\" id=\"nuestros-servicios\">\n<div class=\"wp-block-group seccion-titulo is-layout-constrained wp-block-group-is-layout-constrained\">\n<h5 class=\"wp-block-heading\">Types de transport<\/h5>\n<\/div>\n\n\n\n<div class=\"wp-block-columns is-layout-flex wp-container-core-columns-is-layout-28f84493 wp-block-columns-is-layout-flex\">\n<div class=\"wp-block-column is-layout-flow wp-block-column-is-layout-flow\" style=\"flex-basis:50%\">\n<div class=\"wp-block-group is-content-justification-left is-layout-constrained wp-container-core-group-is-layout-a80a39e7 wp-block-group-is-layout-constrained\">\n<p>Transportes Ortega est sp\u00e9cialis\u00e9 dans le transport de marchandises au niveau national et international, avec une attention particuli\u00e8re pour l&rsquo;Europe occidentale.<br><br>Nous excellons dans le traitement du fret pour la France et les pays voisins, en offrant des solutions de transport fiables et efficaces, adapt\u00e9es aux besoins de chaque client.<\/p>\n<\/div>\n<\/div>\n\n\n\n<div class=\"wp-block-column is-layout-flow wp-block-column-is-layout-flow\" style=\"flex-basis:25%\">\n<div class=\"wp-block-cover has-custom-content-position is-position-bottom-center un-servicio has-ast-global-color-5-color has-text-color has-link-color wp-elements-a6e6e1359a9014fc3c9d06e1490aa2a2\"><span aria-hidden=\"true\" class=\"wp-block-cover__background has-background-dim-100 has-background-dim wp-block-cover__gradient-background has-background-gradient\" style=\"background:linear-gradient(0deg,rgb(0,0,0) 0%,rgba(0,0,0,0) 56%)\"><\/span><img loading=\"lazy\" decoding=\"async\" width=\"445\" height=\"572\" class=\"wp-block-cover__image-background wp-image-668\" alt=\"\" src=\"https:\/\/transportesortega.com\/wp-content\/uploads\/2025\/03\/carga-general.webp\" data-object-fit=\"cover\" srcset=\"https:\/\/transportesortega.com\/wp-content\/uploads\/2025\/03\/carga-general.webp 445w, https:\/\/transportesortega.com\/wp-content\/uploads\/2025\/03\/carga-general-233x300.webp 233w\" sizes=\"auto, (max-width: 445px) 100vw, 445px\" \/><div class=\"wp-block-cover__inner-container is-layout-constrained wp-block-cover-is-layout-constrained\">\n<p class=\"has-text-align-left\"><a href=\"https:\/\/transportesortega.com\/fr\/cargaisons-generales\/\" data-type=\"page\" data-id=\"62\">Cargo g\u00e9n\u00e9ral<\/a><\/p>\n<\/div><\/div>\n<\/div>\n\n\n\n<div class=\"wp-block-column is-layout-flow wp-block-column-is-layout-flow\" style=\"flex-basis:25%\">\n<div class=\"wp-block-cover has-custom-content-position is-position-bottom-center un-servicio has-ast-global-color-5-color has-text-color has-link-color wp-elements-30b97bd1b740dbc2d1a80ad6137ceeee\"><span aria-hidden=\"true\" class=\"wp-block-cover__background has-background-dim-100 has-background-dim wp-block-cover__gradient-background has-background-gradient\" style=\"background:linear-gradient(0deg,rgb(0,0,0) 0%,rgba(0,0,0,0) 56%)\"><\/span><img loading=\"lazy\" decoding=\"async\" width=\"926\" height=\"1191\" class=\"wp-block-cover__image-background wp-image-714\" alt=\"\" src=\"https:\/\/transportesortega.com\/wp-content\/uploads\/2025\/03\/carga-contenedores.jpg\" data-object-fit=\"cover\" srcset=\"https:\/\/transportesortega.com\/wp-content\/uploads\/2025\/03\/carga-contenedores.jpg 926w, https:\/\/transportesortega.com\/wp-content\/uploads\/2025\/03\/carga-contenedores-233x300.jpg 233w, https:\/\/transportesortega.com\/wp-content\/uploads\/2025\/03\/carga-contenedores-796x1024.jpg 796w, https:\/\/transportesortega.com\/wp-content\/uploads\/2025\/03\/carga-contenedores-768x988.jpg 768w\" sizes=\"auto, (max-width: 926px) 100vw, 926px\" \/><div class=\"wp-block-cover__inner-container is-layout-constrained wp-block-cover-is-layout-constrained\">\n<p class=\"has-text-align-left\"><a href=\"https:\/\/transportesortega.com\/fr\/transport-de-conteneurs\/\" data-type=\"page\" data-id=\"62\">Transport de conteneurs<\/a><\/p>\n<\/div><\/div>\n<\/div>\n<\/div>\n<\/div>\n\n\n\n<div class=\"wp-block-group alignfull has-ast-global-color-0-background-color has-background is-layout-constrained wp-block-group-is-layout-constrained\">\n<h5 class=\"wp-block-heading has-ast-global-color-5-color has-text-color has-link-color wp-elements-02a70b9da63d78dfe11607e9d5c6b390\">Plus de services<\/h5>\n\n\n\n<div style=\"height:60px\" aria-hidden=\"true\" class=\"wp-block-spacer\"><\/div>\n\n\n\n<div class=\"wp-block-columns are-vertically-aligned-center bloque-imagen-bg-slider is-layout-flex wp-container-core-columns-is-layout-28f84493 wp-block-columns-is-layout-flex\" id=\"empresa-sostenibilidad\">\n<div class=\"wp-block-column is-vertically-aligned-center is-layout-flow wp-block-column-is-layout-flow\" style=\"flex-basis:66.66%\">\n<div class=\"wp-block-cover has-custom-content-position is-position-center-left bloque-imagen-bg-slider-img\" id=\"empresa-sostenibilidad-img\"><span aria-hidden=\"true\" class=\"wp-block-cover__background has-background-dim-100 has-background-dim wp-block-cover__gradient-background has-background-gradient\" style=\"background:linear-gradient(90deg,rgb(0,0,0) 0%,rgba(0,0,0,0) 74%)\"><\/span><img loading=\"lazy\" decoding=\"async\" width=\"1325\" height=\"805\" class=\"wp-block-cover__image-background wp-image-607\" alt=\"\" src=\"https:\/\/transportesortega.com\/wp-content\/uploads\/2025\/03\/MERCANCIA.webp\" data-object-fit=\"cover\" srcset=\"https:\/\/transportesortega.com\/wp-content\/uploads\/2025\/03\/MERCANCIA.webp 1325w, https:\/\/transportesortega.com\/wp-content\/uploads\/2025\/03\/MERCANCIA-300x182.webp 300w, https:\/\/transportesortega.com\/wp-content\/uploads\/2025\/03\/MERCANCIA-1024x622.webp 1024w, https:\/\/transportesortega.com\/wp-content\/uploads\/2025\/03\/MERCANCIA-768x467.webp 768w\" sizes=\"auto, (max-width: 1325px) 100vw, 1325px\" \/><div class=\"wp-block-cover__inner-container is-layout-constrained wp-block-cover-is-layout-constrained\">\n<h2 class=\"wp-block-heading has-text-align-left has-ast-global-color-5-color has-text-color has-link-color has-large-font-size wp-elements-146f632fde8f383563a3beecdf6ea956\">Un plus pour vos marchandises<\/h2>\n<\/div><\/div>\n<\/div>\n\n\n\n<div class=\"wp-block-column is-vertically-aligned-center bloque-imagen-bg-slider-slider is-layout-flow wp-block-column-is-layout-flow\" style=\"flex-basis:33.33%\" id=\"slider-sostenibilidad\">\n<div class=\"wp-block-group has-ast-global-color-5-background-color has-background is-layout-constrained wp-block-group-is-layout-constrained\">\n<h3 class=\"wp-block-heading\">Transport de marchandises dangereuses<\/h3>\n\n\n\n<p>Nous transportons des marchandises dangereuses dans le cadre de la r\u00e9glementation ADR, ce qui garantit le respect des r\u00e9glementations internationales. Notre \u00e9quipe est form\u00e9e \u00e0 la manipulation de ce type de fret et veille \u00e0 ce qu&rsquo;il arrive \u00e0 destination de mani\u00e8re s\u00fbre et efficace. <\/p>\n<\/div>\n\n\n\n<div class=\"wp-block-group has-ast-global-color-5-background-color has-background is-layout-constrained wp-block-group-is-layout-constrained\">\n<h3 class=\"wp-block-heading\">Assurance des biens de valeur<\/h3>\n\n\n\n<p>Pour les envois qui n\u00e9cessitent un niveau de protection suppl\u00e9mentaire,<br>propose une assurance sp\u00e9cifique pour les marchandises de grande valeur. Nos clients ont ainsi l&rsquo;esprit tranquille, car leurs marchandises sont enti\u00e8rement prot\u00e9g\u00e9es tout au long du processus logistique. <\/p>\n<\/div>\n\n\n\n<div class=\"wp-block-group has-ast-global-color-5-background-color has-background is-layout-constrained wp-block-group-is-layout-constrained\">\n<h3 class=\"wp-block-heading\">Contr\u00f4le en temps r\u00e9el<\/h3>\n\n\n\n<p>Gr\u00e2ce \u00e0 notre syst\u00e8me de g\u00e9olocalisation avanc\u00e9, chaque unit\u00e9 est \u00e9quip\u00e9e pour fournir un suivi en temps r\u00e9el. Cela permet \u00e0 nos clients de suivre l&rsquo;\u00e9tat et la localisation exacte de leur cargaison \u00e0 tout moment le long de l&rsquo;itin\u00e9raire. <\/p>\n<\/div>\n<\/div>\n<\/div>\n<\/div>\n\n\n\n<div class=\"wp-block-group alignfull is-layout-constrained wp-block-group-is-layout-constrained\">\n<div class=\"wp-block-group seccion-titulo is-layout-constrained wp-block-group-is-layout-constrained\">\n<h5 class=\"wp-block-heading\">Avantages<\/h5>\n<\/div>\n\n\n\n<div class=\"wp-block-media-text has-media-on-the-right is-stacked-on-mobile is-image-fill-element\" style=\"grid-template-columns:auto 40%\"><div class=\"wp-block-media-text__content\">\n<h2 class=\"wp-block-heading\">Pourquoi nous choisir ?<\/h2>\n\n\n\n<h6 class=\"wp-block-heading\">Contr\u00f4le total de la flotte<\/h6>\n\n\n\n<p>Tous nos camions sont d\u00e9tenus \u00e0 100 %, ce qui garantit un traitement direct et s\u00fbr de chaque envoi.<\/p>\n\n\n\n<h6 class=\"wp-block-heading\">\u00c9quipe professionnelle<\/h6>\n\n\n\n<p>Des op\u00e9rateurs, des managers et des chauffeurs salari\u00e9s qui s&rsquo;engagent pour votre r\u00e9ussite.<\/p>\n\n\n\n<h6 class=\"wp-block-heading\">Flotte certifi\u00e9e<\/h6>\n\n\n\n<p>Notre flotte est certifi\u00e9e EURO6 afin de minimiser les \u00e9missions polluantes.<\/p>\n\n\n\n<div class=\"wp-block-buttons is-layout-flex wp-block-buttons-is-layout-flex\">\n<div class=\"wp-block-button\"><a class=\"wp-block-button__link wp-element-button\" href=\"https:\/\/transportesortega.com\/fr\/contact\/\">Demandez plus d&rsquo;informations<\/a><\/div>\n<\/div>\n<\/div><figure class=\"wp-block-media-text__media\"><img loading=\"lazy\" decoding=\"async\" width=\"672\" height=\"787\" src=\"https:\/\/transportesortega.com\/wp-content\/uploads\/2025\/03\/chica.webp\" alt=\"\" class=\"wp-image-611 size-full\" style=\"object-position:50% 50%\" srcset=\"https:\/\/transportesortega.com\/wp-content\/uploads\/2025\/03\/chica.webp 672w, https:\/\/transportesortega.com\/wp-content\/uploads\/2025\/03\/chica-256x300.webp 256w\" sizes=\"auto, (max-width: 672px) 100vw, 672px\" \/><\/figure><\/div>\n<\/div>\n","protected":false},"excerpt":{"rendered":"<p>Types de transport Transportes Ortega est sp\u00e9cialis\u00e9 dans le transport de marchandises au niveau national et international, avec une attention [&hellip;]<\/p>\n","protected":false},"author":1,"featured_media":0,"parent":0,"menu_order":0,"comment_status":"closed","ping_status":"closed","template":"","meta":{"_uag_custom_page_level_css":"","site-sidebar-layout":"default","site-content-layout":"","ast-site-content-layout":"default","site-content-style":"default","site-sidebar-style":"default","ast-global-header-display":"","ast-banner-title-visibility":"","ast-main-header-display":"","ast-hfb-above-header-display":"","ast-hfb-below-header-display":"","ast-hfb-mobile-header-display":"","site-post-title":"","ast-breadcrumbs-content":"","ast-featured-img":"","footer-sml-layout":"","ast-disable-related-posts":"","theme-transparent-header-meta":"","adv-header-id-meta":"","stick-header-meta":"","header-above-stick-meta":"","header-main-stick-meta":"","header-below-stick-meta":"","astra-migrate-meta-layouts":"default","ast-page-background-enabled":"default","ast-page-background-meta":{"desktop":{"background-color":"var(--ast-global-color-4)","background-image":"","background-repeat":"repeat","background-position":"center center","background-size":"auto","background-attachment":"scroll","background-type":"","background-media":"","overlay-type":"","overlay-color":"","overlay-opacity":"","overlay-gradient":""},"tablet":{"background-color":"","background-image":"","background-repeat":"repeat","background-position":"center center","background-size":"auto","background-attachment":"scroll","background-type":"","background-media":"","overlay-type":"","overlay-color":"","overlay-opacity":"","overlay-gradient":""},"mobile":{"background-color":"","background-image":"","background-repeat":"repeat","background-position":"center center","background-size":"auto","background-attachment":"scroll","background-type":"","background-media":"","overlay-type":"","overlay-color":"","overlay-opacity":"","overlay-gradient":""}},"ast-content-background-meta":{"desktop":{"background-color":"var(--ast-global-color-5)","background-image":"","background-repeat":"repeat","background-position":"center center","background-size":"auto","background-attachment":"scroll","background-type":"","background-media":"","overlay-type":"","overlay-color":"","overlay-opacity":"","overlay-gradient":""},"tablet":{"background-color":"var(--ast-global-color-5)","background-image":"","background-repeat":"repeat","background-position":"center center","background-size":"auto","background-attachment":"scroll","background-type":"","background-media":"","overlay-type":"","overlay-color":"","overlay-opacity":"","overlay-gradient":""},"mobile":{"background-color":"var(--ast-global-color-5)","background-image":"","background-repeat":"repeat","background-position":"center center","background-size":"auto","background-attachment":"scroll","background-type":"","background-media":"","overlay-type":"","overlay-color":"","overlay-opacity":"","overlay-gradient":""}},"footnotes":""},"class_list":["post-356","page","type-page","status-publish","hentry"],"yoast_head":"<!-- This site is optimized with the Yoast SEO plugin v27.2 - https:\/\/yoast.com\/product\/yoast-seo-wordpress\/ -->\n<title>Services - Transportes Ortega<\/title>\n<meta name=\"robots\" content=\"index, follow, max-snippet:-1, max-image-preview:large, max-video-preview:-1\" \/>\n<link rel=\"canonical\" href=\"https:\/\/transportesortega.com\/fr\/services\/\" \/>\n<meta property=\"og:locale\" content=\"fr_FR\" \/>\n<meta property=\"og:type\" content=\"article\" \/>\n<meta property=\"og:title\" content=\"Services - Transportes Ortega\" \/>\n<meta property=\"og:description\" content=\"Types de transport Transportes Ortega est sp\u00e9cialis\u00e9 dans le transport de marchandises au niveau national et international, avec une attention [&hellip;]\" \/>\n<meta property=\"og:url\" content=\"https:\/\/transportesortega.com\/fr\/services\/\" \/>\n<meta property=\"og:site_name\" content=\"Transportes Ortega\" \/>\n<meta property=\"article:modified_time\" content=\"2025-04-02T06:55:46+00:00\" \/>\n<meta property=\"og:image\" content=\"https:\/\/transportesortega.com\/wp-content\/uploads\/2025\/03\/carga-general.webp\" \/>\n\t<meta property=\"og:image:width\" content=\"445\" \/>\n\t<meta property=\"og:image:height\" content=\"572\" \/>\n\t<meta property=\"og:image:type\" content=\"image\/webp\" \/>\n<meta name=\"twitter:card\" content=\"summary_large_image\" \/>\n<meta name=\"twitter:label1\" content=\"Dur\u00e9e de lecture estim\u00e9e\" \/>\n\t<meta name=\"twitter:data1\" content=\"3 minutes\" \/>\n<script type=\"application\/ld+json\" class=\"yoast-schema-graph\">{\"@context\":\"https:\/\/schema.org\",\"@graph\":[{\"@type\":\"WebPage\",\"@id\":\"https:\/\/transportesortega.com\/fr\/services\/\",\"url\":\"https:\/\/transportesortega.com\/fr\/services\/\",\"name\":\"Services - Transportes Ortega\",\"isPartOf\":{\"@id\":\"https:\/\/transportesortega.com\/fr\/#website\"},\"primaryImageOfPage\":{\"@id\":\"https:\/\/transportesortega.com\/fr\/services\/#primaryimage\"},\"image\":{\"@id\":\"https:\/\/transportesortega.com\/fr\/services\/#primaryimage\"},\"thumbnailUrl\":\"https:\/\/transportesortega.com\/wp-content\/uploads\/2025\/03\/carga-general.webp\",\"datePublished\":\"2025-03-17T13:01:56+00:00\",\"dateModified\":\"2025-04-02T06:55:46+00:00\",\"breadcrumb\":{\"@id\":\"https:\/\/transportesortega.com\/fr\/services\/#breadcrumb\"},\"inLanguage\":\"fr-FR\",\"potentialAction\":[{\"@type\":\"ReadAction\",\"target\":[\"https:\/\/transportesortega.com\/fr\/services\/\"]}]},{\"@type\":\"ImageObject\",\"inLanguage\":\"fr-FR\",\"@id\":\"https:\/\/transportesortega.com\/fr\/services\/#primaryimage\",\"url\":\"https:\/\/transportesortega.com\/wp-content\/uploads\/2025\/03\/carga-general.webp\",\"contentUrl\":\"https:\/\/transportesortega.com\/wp-content\/uploads\/2025\/03\/carga-general.webp\"},{\"@type\":\"BreadcrumbList\",\"@id\":\"https:\/\/transportesortega.com\/fr\/services\/#breadcrumb\",\"itemListElement\":[{\"@type\":\"ListItem\",\"position\":1,\"name\":\"Portada\",\"item\":\"https:\/\/transportesortega.com\/fr\/\"},{\"@type\":\"ListItem\",\"position\":2,\"name\":\"Services\"}]},{\"@type\":\"WebSite\",\"@id\":\"https:\/\/transportesortega.com\/fr\/#website\",\"url\":\"https:\/\/transportesortega.com\/fr\/\",\"name\":\"Transportes Ortega\",\"description\":\"Soluciones al transporte por carretera\",\"publisher\":{\"@id\":\"https:\/\/transportesortega.com\/fr\/#organization\"},\"potentialAction\":[{\"@type\":\"SearchAction\",\"target\":{\"@type\":\"EntryPoint\",\"urlTemplate\":\"https:\/\/transportesortega.com\/fr\/?s={search_term_string}\"},\"query-input\":{\"@type\":\"PropertyValueSpecification\",\"valueRequired\":true,\"valueName\":\"search_term_string\"}}],\"inLanguage\":\"fr-FR\"},{\"@type\":\"Organization\",\"@id\":\"https:\/\/transportesortega.com\/fr\/#organization\",\"name\":\"Transportes Ortega\",\"url\":\"https:\/\/transportesortega.com\/fr\/\",\"logo\":{\"@type\":\"ImageObject\",\"inLanguage\":\"fr-FR\",\"@id\":\"https:\/\/transportesortega.com\/fr\/#\/schema\/logo\/image\/\",\"url\":\"https:\/\/transportesortega.com\/wp-content\/uploads\/2025\/03\/ortega-logo-footer.svg\",\"contentUrl\":\"https:\/\/transportesortega.com\/wp-content\/uploads\/2025\/03\/ortega-logo-footer.svg\",\"width\":1667,\"height\":279,\"caption\":\"Transportes Ortega\"},\"image\":{\"@id\":\"https:\/\/transportesortega.com\/fr\/#\/schema\/logo\/image\/\"}}]}<\/script>\n<!-- \/ Yoast SEO plugin. -->","yoast_head_json":{"title":"Services - Transportes Ortega","robots":{"index":"index","follow":"follow","max-snippet":"max-snippet:-1","max-image-preview":"max-image-preview:large","max-video-preview":"max-video-preview:-1"},"canonical":"https:\/\/transportesortega.com\/fr\/services\/","og_locale":"fr_FR","og_type":"article","og_title":"Services - Transportes Ortega","og_description":"Types de transport Transportes Ortega est sp\u00e9cialis\u00e9 dans le transport de marchandises au niveau national et international, avec une attention [&hellip;]","og_url":"https:\/\/transportesortega.com\/fr\/services\/","og_site_name":"Transportes Ortega","article_modified_time":"2025-04-02T06:55:46+00:00","og_image":[{"width":445,"height":572,"url":"https:\/\/transportesortega.com\/wp-content\/uploads\/2025\/03\/carga-general.webp","type":"image\/webp"}],"twitter_card":"summary_large_image","twitter_misc":{"Dur\u00e9e de lecture estim\u00e9e":"3 minutes"},"schema":{"@context":"https:\/\/schema.org","@graph":[{"@type":"WebPage","@id":"https:\/\/transportesortega.com\/fr\/services\/","url":"https:\/\/transportesortega.com\/fr\/services\/","name":"Services - Transportes Ortega","isPartOf":{"@id":"https:\/\/transportesortega.com\/fr\/#website"},"primaryImageOfPage":{"@id":"https:\/\/transportesortega.com\/fr\/services\/#primaryimage"},"image":{"@id":"https:\/\/transportesortega.com\/fr\/services\/#primaryimage"},"thumbnailUrl":"https:\/\/transportesortega.com\/wp-content\/uploads\/2025\/03\/carga-general.webp","datePublished":"2025-03-17T13:01:56+00:00","dateModified":"2025-04-02T06:55:46+00:00","breadcrumb":{"@id":"https:\/\/transportesortega.com\/fr\/services\/#breadcrumb"},"inLanguage":"fr-FR","potentialAction":[{"@type":"ReadAction","target":["https:\/\/transportesortega.com\/fr\/services\/"]}]},{"@type":"ImageObject","inLanguage":"fr-FR","@id":"https:\/\/transportesortega.com\/fr\/services\/#primaryimage","url":"https:\/\/transportesortega.com\/wp-content\/uploads\/2025\/03\/carga-general.webp","contentUrl":"https:\/\/transportesortega.com\/wp-content\/uploads\/2025\/03\/carga-general.webp"},{"@type":"BreadcrumbList","@id":"https:\/\/transportesortega.com\/fr\/services\/#breadcrumb","itemListElement":[{"@type":"ListItem","position":1,"name":"Portada","item":"https:\/\/transportesortega.com\/fr\/"},{"@type":"ListItem","position":2,"name":"Services"}]},{"@type":"WebSite","@id":"https:\/\/transportesortega.com\/fr\/#website","url":"https:\/\/transportesortega.com\/fr\/","name":"Transportes Ortega","description":"Soluciones al transporte por carretera","publisher":{"@id":"https:\/\/transportesortega.com\/fr\/#organization"},"potentialAction":[{"@type":"SearchAction","target":{"@type":"EntryPoint","urlTemplate":"https:\/\/transportesortega.com\/fr\/?s={search_term_string}"},"query-input":{"@type":"PropertyValueSpecification","valueRequired":true,"valueName":"search_term_string"}}],"inLanguage":"fr-FR"},{"@type":"Organization","@id":"https:\/\/transportesortega.com\/fr\/#organization","name":"Transportes Ortega","url":"https:\/\/transportesortega.com\/fr\/","logo":{"@type":"ImageObject","inLanguage":"fr-FR","@id":"https:\/\/transportesortega.com\/fr\/#\/schema\/logo\/image\/","url":"https:\/\/transportesortega.com\/wp-content\/uploads\/2025\/03\/ortega-logo-footer.svg","contentUrl":"https:\/\/transportesortega.com\/wp-content\/uploads\/2025\/03\/ortega-logo-footer.svg","width":1667,"height":279,"caption":"Transportes Ortega"},"image":{"@id":"https:\/\/transportesortega.com\/fr\/#\/schema\/logo\/image\/"}}]}},"uagb_featured_image_src":{"full":false,"thumbnail":false,"medium":false,"medium_large":false,"large":false,"1536x1536":false,"2048x2048":false},"uagb_author_info":{"display_name":"kebes","author_link":"https:\/\/transportesortega.com\/fr\/author\/kebes\/"},"uagb_comment_info":0,"uagb_excerpt":"Types de transport Transportes Ortega est sp\u00e9cialis\u00e9 dans le transport de marchandises au niveau national et international, avec une attention [&hellip;]","_links":{"self":[{"href":"https:\/\/transportesortega.com\/fr\/wp-json\/wp\/v2\/pages\/356","targetHints":{"allow":["GET"]}}],"collection":[{"href":"https:\/\/transportesortega.com\/fr\/wp-json\/wp\/v2\/pages"}],"about":[{"href":"https:\/\/transportesortega.com\/fr\/wp-json\/wp\/v2\/types\/page"}],"author":[{"embeddable":true,"href":"https:\/\/transportesortega.com\/fr\/wp-json\/wp\/v2\/users\/1"}],"replies":[{"embeddable":true,"href":"https:\/\/transportesortega.com\/fr\/wp-json\/wp\/v2\/comments?post=356"}],"version-history":[{"count":11,"href":"https:\/\/transportesortega.com\/fr\/wp-json\/wp\/v2\/pages\/356\/revisions"}],"predecessor-version":[{"id":767,"href":"https:\/\/transportesortega.com\/fr\/wp-json\/wp\/v2\/pages\/356\/revisions\/767"}],"wp:attachment":[{"href":"https:\/\/transportesortega.com\/fr\/wp-json\/wp\/v2\/media?parent=356"}],"curies":[{"name":"wp","href":"https:\/\/api.w.org\/{rel}","templated":true}]}}